{"id":52,"date":"2015-12-24T16:41:07","date_gmt":"2015-12-24T16:41:07","guid":{"rendered":"http:\/\/www.brandexponents.com\/oshin-demo\/v22\/?page_id=52"},"modified":"2025-07-12T17:45:23","modified_gmt":"2025-07-12T15:45:23","slug":"about","status":"publish","type":"page","link":"https:\/\/fred-lancelot.com\/?page_id=52","title":{"rendered":"About \u2013 v22"},"content":{"rendered":"<div  class=\"tatsu-fqoymvvg7hd4lt0y tatsu-section  tatsu-bg-overlay   tatsu-clearfix\" data-title=\"\"  data-headerscheme=\"background--light\"><div class='tatsu-section-pad clearfix' data-padding='{\"d\":\"90px 010% 90px 10% \"}' data-padding-top='90px'><div class=\"tatsu-row-wrap  tatsu-row-full-width tatsu-row-one-col tatsu-row-has-one-cols tatsu-medium-gutter tatsu-reg-cols  tatsu-clearfix tatsu-fqoymvvg854widdv\" ><div  class=\"tatsu-row \" ><div  class=\"tatsu-column  tatsu-column-no-bg tatsu-one-col tatsu-column-image-none tatsu-column-effect-none  tatsu-fqoymvvg8f7w2o0m\"  data-parallax-speed=\"0\" style=\"\"><div class=\"tatsu-column-inner \" ><div class=\"tatsu-column-pad-wrap\"><div class=\"tatsu-column-pad\" ><div  class=\"tatsu-module tatsu-text-block-wrap tatsu-fqoymvvg8ubiy89v  \"><div class=\"tatsu-text-inner   clearfix\" ><style>.tatsu-fqoymvvg8ubiy89v.tatsu-text-block-wrap .tatsu-text-inner{text-align: left;}<\/style>\n<h2><span style=\"color: #ae9f6a;\">Frederic LANCELOT<\/span><\/h2>\n<\/div><\/div><div  class=\"special-subtitle-wrap  tatsu-fqoymvvgbt4neozc  \"  ><div class=\"align-left\"><span class=\"special-subtitle\" >Photo-reporter bas\u00e9 \u00e0 Toulouse.<\/span><\/div><style>.tatsu-fqoymvvgbt4neozc .special-subtitle{font-size: 24px;color: #dddddd ;}<\/style><\/div><div  class=\"tatsu-module tatsu-text-block-wrap tatsu-fqoymvvgga84s12c  \"><div class=\"tatsu-text-inner   clearfix\" ><style>.tatsu-fqoymvvgga84s12c.tatsu-text-block-wrap .tatsu-text-inner{text-align: left;}<\/style>\n<p style=\"font-weight: 400;\">Fr\u00e9d\u00e9ric LANCELOT est photo-reporter ind\u00e9pendant. Il est n\u00e9 en 1971 et vit dans la r\u00e9gion nord toulousaine.<\/p>\n<p style=\"font-weight: 400;\">Durant son enfance et sa jeunesse, jusqu\u2019en 1994, il sillonne le monde en famille, de Varsovie \u00e0 Nouakchott. Ces voyages nourrissent sa curiosit\u00e9, son go\u00fbt de d\u00e9couvrir les pays et de rencontrer les populations. Son p\u00e8re l\u2019initie \u00e0 la photographie d\u00e8s l\u2019\u00e2ge de dix ans.<\/p>\n<p style=\"font-weight: 400;\">Il commence la photographie en amateur passionn\u00e9, tout en menant une carri\u00e8re commerciale. Il pr\u00e9sente plusieurs expositions, notamment suite \u00e0 un voyage au Y\u00e9men. L\u2019id\u00e9e de transformer sa passion en m\u00e9tier germe en 2007 et se concr\u00e9tise en 2009.<\/p>\n<p style=\"font-weight: 400;\">Apr\u00e8s avoir collabor\u00e9 plusieurs ann\u00e9es avec diff\u00e9rentes agences et s\u2019\u00eatre forg\u00e9 avec le tumulte du quotidien politique ou social, il s\u2019oriente vers un travail et des sujets plus confidentiels et personnels<\/p>\n<p style=\"font-weight: 400;\">Bas\u00e9 \u00e0 Toulouse, sp\u00e9cialis\u00e9 dans le reportage et le portrait, il travaille en commande pour des titres de presse nationale et internationale.<\/p>\n<p style=\"font-weight: 400;\">Son travail est visible sur son site www.fred-lancelot.com , sur www.divergence-images.com ou sur les r\u00e9seaux sociaux instagram et facebook<\/p>\n<p style=\"font-weight: 400;\">Par ailleurs, Il est membre de l\u2019UPP et de la SAIF et, tr\u00e9sorier du bureau de l\u2019UJSF Garonne.<\/p>\n<\/div><\/div><div  class=\"tatsu-module tatsu-normal-icon tatsu-icon-shortcode align-none tatsu-fqoymvvgit6v7u15   \"><style>.tatsu-fqoymvvgit6v7u15 .tatsu-icon{color: #ae9f6a ;}.tatsu-fqoymvvgit6v7u15 .tatsu-icon:hover{color: rgba(255,255,255,1) ;}.tatsu-fqoymvvgit6v7u15{border-width: 0px 0px 0px 0px;}<\/style><a href=\"https:\/\/www.facebook.com\/fred.lancelot.1\/\"  class=\"tatsu-icon-wrap plain     \"  aria-label=\"icon-social_facebook_circle\" data-gdpr-atts={}   ><i class=\"tatsu-icon tatsu-custom-icon tatsu-custom-icon-class icon-social_facebook_circle small plain\"><\/i><\/a><\/div><div  class=\"tatsu-module tatsu-normal-icon tatsu-icon-shortcode align-none tatsu-fqoymvvglc1hlynt   \"><style>.tatsu-fqoymvvglc1hlynt .tatsu-icon{color: #ae9f6a ;}.tatsu-fqoymvvglc1hlynt .tatsu-icon:hover{color: rgba(255,255,255,1) ;}.tatsu-fqoymvvglc1hlynt{border-width: 0px 0px 0px 0px;}<\/style><a href=\"https:\/\/x.com\/LancelotFred\"  class=\"tatsu-icon-wrap plain     \"  aria-label=\"icon-twitter3\" data-gdpr-atts={}   ><i class=\"tatsu-icon tatsu-custom-icon tatsu-custom-icon-class icon-twitter3 small plain\"><\/i><\/a><\/div><div  class=\"tatsu-module tatsu-normal-icon tatsu-icon-shortcode align-none tatsu-fqoymvvgnqdkzohz   \"><style>.tatsu-fqoymvvgnqdkzohz .tatsu-icon{color: #ae9f6a ;}.tatsu-fqoymvvgnqdkzohz .tatsu-icon:hover{color: rgba(255,255,255,1) ;}.tatsu-fqoymvvgnqdkzohz{border-width: 0px 0px 0px 0px;}<\/style><a href=\"https:\/\/www.instagram.com\/fred_lancelot\/\"  class=\"tatsu-icon-wrap plain     \"  aria-label=\"icon-social_instagram\" data-gdpr-atts={}   ><i class=\"tatsu-icon tatsu-custom-icon tatsu-custom-icon-class icon-social_instagram small plain\"><\/i><\/a><\/div><\/div><\/div><div class = \"tatsu-column-bg-image-wrap\"><div class = \"tatsu-column-bg-image\" ><\/div><\/div><\/div><style>.tatsu-row > .tatsu-fqoymvvg8f7w2o0m.tatsu-column{width: 100%;}.tatsu-fqoymvvg8f7w2o0m.tatsu-column > .tatsu-column-inner > .tatsu-column-pad-wrap > .tatsu-column-pad{padding: 10% 0% 10% 0%;}.tatsu-fqoymvvg8f7w2o0m.tatsu-column > .tatsu-column-inner > .tatsu-column-overlay{mix-blend-mode: none;}.tatsu-fqoymvvg8f7w2o0m > .tatsu-column-inner > .tatsu-top-divider{z-index: 9999;}.tatsu-fqoymvvg8f7w2o0m > .tatsu-column-inner > .tatsu-bottom-divider{z-index: 9999;}.tatsu-fqoymvvg8f7w2o0m > .tatsu-column-inner > .tatsu-left-divider{z-index: 9999;}.tatsu-fqoymvvg8f7w2o0m > .tatsu-column-inner > .tatsu-right-divider{z-index: 9999;}<\/style><\/div><\/div><\/div><\/div><div class=\"tatsu-section-background-wrap\"><div class = \"tatsu-section-background\" ><\/div><\/div><div class=\"tatsu-overlay tatsu-section-overlay\"><\/div><style>.tatsu-fqoymvvg7hd4lt0y.tatsu-section{background-color: #000000;}.tatsu-fqoymvvg7hd4lt0y .tatsu-section-background{background-image: url(https:\/\/fred-lancelot.com\/wp-content\/uploads\/2016\/04\/about-2.jpeg);background-repeat: no-repeat;background-attachment: scroll;background-position: center center;background-size: cover;}.tatsu-fqoymvvg7hd4lt0y .tatsu-bg-blur{background-repeat: no-repeat;background-attachment: scroll;background-position: center center;background-size: cover;}.tatsu-fqoymvvg7hd4lt0y{border-width: 0px 0px px 0px;border-style: solid;}.tatsu-fqoymvvg7hd4lt0y .tatsu-section-pad{padding: 90px 010% 90px 10% ;}.tatsu-fqoymvvg7hd4lt0y > .tatsu-bottom-divider{z-index: 9999;}.tatsu-fqoymvvg7hd4lt0y > .tatsu-top-divider{z-index: 9999;}.tatsu-fqoymvvg7hd4lt0y .tatsu-section-overlay{background: rgba(0,0,0,0.85);mix-blend-mode: normal;}<\/style><\/div>\n","protected":false},"excerpt":{"rendered":"<p><a href=\"https:\/\/fred-lancelot.com\/?page_id=52\" class=\"more-link style1-button\">Read More<\/a><\/p>","protected":false},"author":1,"featured_media":0,"parent":0,"menu_order":0,"comment_status":"closed","ping_status":"closed","template":"page-splitscreen-right.php","meta":{"footnotes":""},"class_list":["post-52","page","type-page","status-publish","hentry"],"_links":{"self":[{"href":"https:\/\/fred-lancelot.com\/index.php?rest_route=\/wp\/v2\/pages\/52","targetHints":{"allow":["GET"]}}],"collection":[{"href":"https:\/\/fred-lancelot.com\/index.php?rest_route=\/wp\/v2\/pages"}],"about":[{"href":"https:\/\/fred-lancelot.com\/index.php?rest_route=\/wp\/v2\/types\/page"}],"author":[{"embeddable":true,"href":"https:\/\/fred-lancelot.com\/index.php?rest_route=\/wp\/v2\/users\/1"}],"replies":[{"embeddable":true,"href":"https:\/\/fred-lancelot.com\/index.php?rest_route=%2Fwp%2Fv2%2Fcomments&post=52"}],"version-history":[{"count":8,"href":"https:\/\/fred-lancelot.com\/index.php?rest_route=\/wp\/v2\/pages\/52\/revisions"}],"predecessor-version":[{"id":237,"href":"https:\/\/fred-lancelot.com\/index.php?rest_route=\/wp\/v2\/pages\/52\/revisions\/237"}],"wp:attachment":[{"href":"https:\/\/fred-lancelot.com\/index.php?rest_route=%2Fwp%2Fv2%2Fmedia&parent=52"}],"curies":[{"name":"wp","href":"https:\/\/api.w.org\/{rel}","templated":true}]}}